{"id":10,"date":"2023-06-07T17:07:20","date_gmt":"2023-06-07T17:07:20","guid":{"rendered":"https:\/\/edirneantikhotel.com.tr\/?page_id=10"},"modified":"2023-06-07T17:25:56","modified_gmt":"2023-06-07T17:25:56","slug":"hakkimizda","status":"publish","type":"page","link":"https:\/\/edirneantikhotel.com.tr\/?page_id=10","title":{"rendered":"Hakk\u0131m\u0131zda"},"content":{"rendered":"\n<p>Edirne Antik Hotel<\/p>\n\n\n\n<p><strong>KAL\u0130TE &nbsp;POL\u0130T\u0130KAMIZ:<\/strong><br>H\u0131zla geli\u015fen ve farkl\u0131la\u015fan otelcilikte sekt\u00f6r\u00fcnde; s\u00fcrekli geli\u015fme bilinciyle teknolojiyi yak\u0131ndan takip ederek \u00e7evre \u015fartlar\u0131n\u0131 iyi kullan\u0131p, g\u0131da g\u00fcvenli\u011fini de sa\u011flay\u0131p e\u011fitimli personel ile ekip \u00e7al\u0131\u015fmalar\u0131n\u0131 \u00f6n planda tutarak g\u00fclery\u00fcz ve g\u00fcveni m\u00fc\u015fteri memnuniyetiyle b\u00fct\u00fcnle\u015ftirip \u00fcst\u00fcn kalite hizmeti, bir sistem i\u00e7erisinde planl\u0131 ve s\u00fcrekli olarak sunmak otel politikam\u0131zd\u0131r.<\/p>\n\n\n\n<p><strong>\u0130LKELER\u0130M\u0130Z:<\/strong><br>Geli\u015fen teknolojiden hizmetlerimizde faydalanarak s\u00fcrekli iyile\u015ftirmeyi ger\u00e7ekle\u015ftirmek.<br>\u00c7evre \u015fartlar\u0131na kar\u015f\u0131 hassasiyet g\u00f6stermek.<br>G\u0131da \u00fcretimimizde hijyen kurallar\u0131na ve g\u0131da g\u00fcvenli\u011fine hassasiyet g\u00f6stermek.<br>E\u011fitimli personel ile kaliteli hizmet sunmak.<br>G\u00fclery\u00fcz ve g\u00fcveni t\u00fcm hizmetlerimizde \u00f6n planda tutmak.<br>M\u00fc\u015fteri memnuniyetinde m\u00fc\u015fteri beklentilerinin \u00fczerinde hizmet sunmak.<br>Yasal \u015fart ve mevzuatlar\u0131 tam olarak kar\u015f\u0131lamak.<br>\u00dcst\u00fcn kalitede hizmeti ilke olarak benimsemi\u015f bulunmaktay\u0131z.<\/p>\n\n\n\n<p><strong>M\u0130SYONUMUZ:<\/strong><br>Edirne Antik Hotel olarak konuklar\u0131m\u0131z\u0131n t\u00fcm ihtiya\u00e7 ve beklentilerini en iyi \u015fekilde kar\u015f\u0131layarak g\u00fcvenli ve rahat bir konaklama yapmalar\u0131n\u0131 sa\u011flamaktay\u0131z.<br>Ekibimizi g\u00fcn\u00fcn de\u011fi\u015fen \u015fartlar\u0131na g\u00f6re s\u00fcrekli geli\u015ftirerek ve yenileyerek m\u00fc\u015fteri memnuniyetini en \u00fcst d\u00fczeyde tutmaya devam etmek i\u00e7in gerekli \u00e7al\u0131\u015fmalar\u0131 ger\u00e7ekle\u015ftirmekteyiz.<br>\u00dcst y\u00f6netimi ve ekibi ile Edirne Antik Hotel Otel, yenilik\u00e7i, tak\u0131m ruhu ile hareket eden profesyonel hizmet kalitesini konuklar\u0131na sunmaktad\u0131r.<\/p>\n\n\n\n<p><strong>V\u0130ZYONUMUZ:<\/strong><br>Kaliteli ve yenilik\u00e7i hizmetlerimiz ile ko\u015fulsuz m\u00fc\u015fteri memnuniyetini sa\u011flayarak sekt\u00f6r\u00fcm\u00fcz\u00fcn \u00f6nc\u00fcs\u00fc olmakt\u0131r.<br>Konuklar\u0131m\u0131za ve \u00e7al\u0131\u015fanlar\u0131m\u0131za olan davran\u0131\u015flar\u0131m\u0131zda kar\u015f\u0131l\u0131kl\u0131 sayg\u0131 ve d\u00fcr\u00fcstl\u00fck ilkemizi korumak,<br>Topluma, do\u011fal \u00e7evreye ve insanl\u0131\u011fa kar\u015f\u0131 olan sorumlulu\u011fumuzun bilincinde olmak,&nbsp;<br>S\u00fcrekli yat\u0131r\u0131mlarla yeni istihdam alanlar\u0131 yaratmak,<br>Bilgi \u00e7a\u011f\u0131n\u0131n olanaklar\u0131n\u0131 t\u00fcm hizmet alanlar\u0131m\u0131zda uygulamak,<br>Konuklar\u0131m\u0131z\u0131n ihtiya\u00e7 ve beklentilerini, beklediklerinden daha kaliteli bir hizmet anlay\u0131\u015f\u0131yla kar\u015f\u0131lamak temel hedefimizdir.<\/p>\n","protected":false},"excerpt":{"rendered":"<p>Edirne Antik Hotel KAL\u0130TE &nbsp;POL\u0130T\u0130KAMIZ:H\u0131zla geli\u015fen ve farkl\u0131la\u015fan otelcilikte sekt\u00f6r\u00fcnde; s\u00fcrekli geli\u015fme bilinciyle teknolojiyi yak\u0131ndan takip ederek \u00e7evre \u015fartlar\u0131n\u0131 iyi &hellip; <\/p>\n","protected":false},"author":1,"featured_media":0,"parent":0,"menu_order":0,"comment_status":"closed","ping_status":"closed","template":"","meta":{"footnotes":""},"class_list":["post-10","page","type-page","status-publish","hentry"],"_links":{"self":[{"href":"https:\/\/edirneantikhotel.com.tr\/index.php?rest_route=\/wp\/v2\/pages\/10","targetHints":{"allow":["GET"]}}],"collection":[{"href":"https:\/\/edirneantikhotel.com.tr\/index.php?rest_route=\/wp\/v2\/pages"}],"about":[{"href":"https:\/\/edirneantikhotel.com.tr\/index.php?rest_route=\/wp\/v2\/types\/page"}],"author":[{"embeddable":true,"href":"https:\/\/edirneantikhotel.com.tr\/index.php?rest_route=\/wp\/v2\/users\/1"}],"replies":[{"embeddable":true,"href":"https:\/\/edirneantikhotel.com.tr\/index.php?rest_route=%2Fwp%2Fv2%2Fcomments&post=10"}],"version-history":[{"count":2,"href":"https:\/\/edirneantikhotel.com.tr\/index.php?rest_route=\/wp\/v2\/pages\/10\/revisions"}],"predecessor-version":[{"id":71,"href":"https:\/\/edirneantikhotel.com.tr\/index.php?rest_route=\/wp\/v2\/pages\/10\/revisions\/71"}],"wp:attachment":[{"href":"https:\/\/edirneantikhotel.com.tr\/index.php?rest_route=%2Fwp%2Fv2%2Fmedia&parent=10"}],"curies":[{"name":"wp","href":"https:\/\/api.w.org\/{rel}","templated":true}]}}